{"id":2510,"date":"2025-04-03T12:58:36","date_gmt":"2025-04-03T12:58:36","guid":{"rendered":"https:\/\/spamexperts.com\/msps"},"modified":"2025-06-18T12:50:18","modified_gmt":"2025-06-18T11:50:18","slug":"msps","status":"publish","type":"page","link":"https:\/\/www.spamexperts.com\/es\/industries\/msps","title":{"rendered":"MSPs \/ IT PROs"},"content":{"rendered":"","protected":false},"excerpt":{"rendered":"","protected":false},"author":2,"featured_media":0,"parent":2588,"menu_order":0,"comment_status":"closed","ping_status":"closed","template":"","meta":{"_acf_changed":false,"inline_featured_image":false,"footnotes":""},"class_list":["post-2510","page","type-page","status-publish","hentry"],"acf":[],"yoast_head":"<!-- This site is optimized with the Yoast SEO Premium plugin v26.9 (Yoast SEO v27.3) - https:\/\/yoast.com\/product\/yoast-seo-premium-wordpress\/ -->\n<title>Soluciones antispam para proveedores de servicios administrados y profesionales de TI - SpamExperts<\/title>\n<meta name=\"description\" content=\"Obtenga seguridad del correo electr\u00f3nico de clase empresarial para proveedores de servicios administrados y profesionales de TI. Aproveche la protecci\u00f3n y la continuidad de correo electr\u00f3nico para ayudar a los usuarios a mantenerse productivos y protegidos.\" \/>\n<meta name=\"robots\" content=\"index, follow, max-snippet:-1, max-image-preview:large, max-video-preview:-1\" \/>\n<link rel=\"canonical\" href=\"https:\/\/www.spamexperts.com\/es\/industries\/msps\" \/>\n<meta property=\"og:locale\" content=\"es_ES\" \/>\n<meta property=\"og:type\" content=\"article\" \/>\n<meta property=\"og:title\" content=\"MSPs \/ IT PROs\" \/>\n<meta property=\"og:description\" content=\"Obtenga seguridad del correo electr\u00f3nico de clase empresarial para proveedores de servicios administrados y profesionales de TI. Aproveche la protecci\u00f3n y la continuidad de correo electr\u00f3nico para ayudar a los usuarios a mantenerse productivos y protegidos.\" \/>\n<meta property=\"og:url\" content=\"https:\/\/www.spamexperts.com\/es\/industries\/msps\" \/>\n<meta property=\"og:site_name\" content=\"SpamExperts\" \/>\n<meta property=\"article:modified_time\" content=\"2025-06-18T11:50:18+00:00\" \/>\n<meta name=\"twitter:card\" content=\"summary_large_image\" \/>\n<script type=\"application\/ld+json\" class=\"yoast-schema-graph\">{\"@context\":\"https:\\\/\\\/schema.org\",\"@graph\":[{\"@type\":\"WebPage\",\"@id\":\"https:\\\/\\\/www.spamexperts.com\\\/es\\\/industries\\\/msps\",\"url\":\"https:\\\/\\\/www.spamexperts.com\\\/es\\\/industries\\\/msps\",\"name\":\"Soluciones antispam para proveedores de servicios administrados y profesionales de TI - SpamExperts\",\"isPartOf\":{\"@id\":\"https:\\\/\\\/www.spamexperts.com\\\/es#website\"},\"datePublished\":\"2025-04-03T12:58:36+00:00\",\"dateModified\":\"2025-06-18T11:50:18+00:00\",\"description\":\"Obtenga seguridad del correo electr\u00f3nico de clase empresarial para proveedores de servicios administrados y profesionales de TI. Aproveche la protecci\u00f3n y la continuidad de correo electr\u00f3nico para ayudar a los usuarios a mantenerse productivos y protegidos.\",\"breadcrumb\":{\"@id\":\"https:\\\/\\\/www.spamexperts.com\\\/es\\\/industries\\\/msps#breadcrumb\"},\"inLanguage\":\"es\",\"potentialAction\":[{\"@type\":\"ReadAction\",\"target\":[\"https:\\\/\\\/www.spamexperts.com\\\/es\\\/industries\\\/msps\"]}]},{\"@type\":\"BreadcrumbList\",\"@id\":\"https:\\\/\\\/www.spamexperts.com\\\/es\\\/industries\\\/msps#breadcrumb\",\"itemListElement\":[{\"@type\":\"ListItem\",\"position\":1,\"name\":\"Home\",\"item\":\"https:\\\/\\\/www.spamexperts.com\\\/es\"},{\"@type\":\"ListItem\",\"position\":2,\"name\":\"Industries\",\"item\":\"https:\\\/\\\/www.spamexperts.com\\\/es\\\/industries\"},{\"@type\":\"ListItem\",\"position\":3,\"name\":\"MSPs \\\/ IT PROs\"}]},{\"@type\":\"WebSite\",\"@id\":\"https:\\\/\\\/www.spamexperts.com\\\/es#website\",\"url\":\"https:\\\/\\\/www.spamexperts.com\\\/es\",\"name\":\"SpamExperts\",\"description\":\"\",\"potentialAction\":[{\"@type\":\"SearchAction\",\"target\":{\"@type\":\"EntryPoint\",\"urlTemplate\":\"https:\\\/\\\/www.spamexperts.com\\\/es?s={search_term_string}\"},\"query-input\":{\"@type\":\"PropertyValueSpecification\",\"valueRequired\":true,\"valueName\":\"search_term_string\"}}],\"inLanguage\":\"es\"}]}<\/script>\n<!-- \/ Yoast SEO Premium plugin. -->","yoast_head_json":{"title":"Soluciones antispam para proveedores de servicios administrados y profesionales de TI - SpamExperts","description":"Obtenga seguridad del correo electr\u00f3nico de clase empresarial para proveedores de servicios administrados y profesionales de TI. Aproveche la protecci\u00f3n y la continuidad de correo electr\u00f3nico para ayudar a los usuarios a mantenerse productivos y protegidos.","robots":{"index":"index","follow":"follow","max-snippet":"max-snippet:-1","max-image-preview":"max-image-preview:large","max-video-preview":"max-video-preview:-1"},"canonical":"https:\/\/www.spamexperts.com\/es\/industries\/msps","og_locale":"es_ES","og_type":"article","og_title":"MSPs \/ IT PROs","og_description":"Obtenga seguridad del correo electr\u00f3nico de clase empresarial para proveedores de servicios administrados y profesionales de TI. Aproveche la protecci\u00f3n y la continuidad de correo electr\u00f3nico para ayudar a los usuarios a mantenerse productivos y protegidos.","og_url":"https:\/\/www.spamexperts.com\/es\/industries\/msps","og_site_name":"SpamExperts","article_modified_time":"2025-06-18T11:50:18+00:00","twitter_card":"summary_large_image","schema":{"@context":"https:\/\/schema.org","@graph":[{"@type":"WebPage","@id":"https:\/\/www.spamexperts.com\/es\/industries\/msps","url":"https:\/\/www.spamexperts.com\/es\/industries\/msps","name":"Soluciones antispam para proveedores de servicios administrados y profesionales de TI - SpamExperts","isPartOf":{"@id":"https:\/\/www.spamexperts.com\/es#website"},"datePublished":"2025-04-03T12:58:36+00:00","dateModified":"2025-06-18T11:50:18+00:00","description":"Obtenga seguridad del correo electr\u00f3nico de clase empresarial para proveedores de servicios administrados y profesionales de TI. Aproveche la protecci\u00f3n y la continuidad de correo electr\u00f3nico para ayudar a los usuarios a mantenerse productivos y protegidos.","breadcrumb":{"@id":"https:\/\/www.spamexperts.com\/es\/industries\/msps#breadcrumb"},"inLanguage":"es","potentialAction":[{"@type":"ReadAction","target":["https:\/\/www.spamexperts.com\/es\/industries\/msps"]}]},{"@type":"BreadcrumbList","@id":"https:\/\/www.spamexperts.com\/es\/industries\/msps#breadcrumb","itemListElement":[{"@type":"ListItem","position":1,"name":"Home","item":"https:\/\/www.spamexperts.com\/es"},{"@type":"ListItem","position":2,"name":"Industries","item":"https:\/\/www.spamexperts.com\/es\/industries"},{"@type":"ListItem","position":3,"name":"MSPs \/ IT PROs"}]},{"@type":"WebSite","@id":"https:\/\/www.spamexperts.com\/es#website","url":"https:\/\/www.spamexperts.com\/es","name":"SpamExperts","description":"","potentialAction":[{"@type":"SearchAction","target":{"@type":"EntryPoint","urlTemplate":"https:\/\/www.spamexperts.com\/es?s={search_term_string}"},"query-input":{"@type":"PropertyValueSpecification","valueRequired":true,"valueName":"search_term_string"}}],"inLanguage":"es"}]}},"_links":{"self":[{"href":"https:\/\/www.spamexperts.com\/es\/wp-json\/wp\/v2\/pages\/2510","targetHints":{"allow":["GET"]}}],"collection":[{"href":"https:\/\/www.spamexperts.com\/es\/wp-json\/wp\/v2\/pages"}],"about":[{"href":"https:\/\/www.spamexperts.com\/es\/wp-json\/wp\/v2\/types\/page"}],"author":[{"embeddable":true,"href":"https:\/\/www.spamexperts.com\/es\/wp-json\/wp\/v2\/users\/2"}],"replies":[{"embeddable":true,"href":"https:\/\/www.spamexperts.com\/es\/wp-json\/wp\/v2\/comments?post=2510"}],"version-history":[{"count":3,"href":"https:\/\/www.spamexperts.com\/es\/wp-json\/wp\/v2\/pages\/2510\/revisions"}],"predecessor-version":[{"id":2819,"href":"https:\/\/www.spamexperts.com\/es\/wp-json\/wp\/v2\/pages\/2510\/revisions\/2819"}],"up":[{"embeddable":true,"href":"https:\/\/www.spamexperts.com\/es\/wp-json\/wp\/v2\/pages\/2588"}],"wp:attachment":[{"href":"https:\/\/www.spamexperts.com\/es\/wp-json\/wp\/v2\/media?parent=2510"}],"curies":[{"name":"wp","href":"https:\/\/api.w.org\/{rel}","templated":true}]}}