{"id":2573,"date":"2025-04-03T13:00:47","date_gmt":"2025-04-03T13:00:47","guid":{"rendered":"https:\/\/spamexperts.com\/service-providers-2"},"modified":"2025-10-16T20:58:02","modified_gmt":"2025-10-16T19:58:02","slug":"service-providers","status":"publish","type":"page","link":"https:\/\/www.spamexperts.com\/fr\/industries\/service-providers","title":{"rendered":"Service Providers"},"content":{"rendered":"","protected":false},"excerpt":{"rendered":"","protected":false},"author":2,"featured_media":0,"parent":2585,"menu_order":0,"comment_status":"closed","ping_status":"closed","template":"","meta":{"_acf_changed":false,"inline_featured_image":false,"footnotes":""},"class_list":["post-2573","page","type-page","status-publish","hentry"],"acf":[],"yoast_head":"<!-- This site is optimized with the Yoast SEO Premium plugin v26.9 (Yoast SEO v26.9) - https:\/\/yoast.com\/product\/yoast-seo-premium-wordpress\/ -->\n<title>Solutions anti-courrier ind\u00e9sirable pour les h\u00e9bergeurs de sites Web et les fournisseurs de services Internet | SpamExperts<\/title>\n<meta name=\"description\" content=\"Prot\u00e9gez votre activit\u00e9 contre le courrier ind\u00e9sirable et les virus gr\u00e2ce au logiciel N-able SpamExperts professionnel de filtrage du courrier ind\u00e9sirable pour les h\u00e9bergeurs de sites Web, les fournisseurs de services Internet et les op\u00e9rateurs de t\u00e9l\u00e9communications.\" \/>\n<meta name=\"robots\" content=\"index, follow, max-snippet:-1, max-image-preview:large, max-video-preview:-1\" \/>\n<link rel=\"canonical\" href=\"https:\/\/www.spamexperts.com\/fr\/industries\/service-providers\" \/>\n<meta property=\"og:locale\" content=\"fr_FR\" \/>\n<meta property=\"og:type\" content=\"article\" \/>\n<meta property=\"og:title\" content=\"Service Providers\" \/>\n<meta property=\"og:description\" content=\"Prot\u00e9gez votre activit\u00e9 contre le courrier ind\u00e9sirable et les virus gr\u00e2ce au logiciel N-able SpamExperts professionnel de filtrage du courrier ind\u00e9sirable pour les h\u00e9bergeurs de sites Web, les fournisseurs de services Internet et les op\u00e9rateurs de t\u00e9l\u00e9communications.\" \/>\n<meta property=\"og:url\" content=\"https:\/\/www.spamexperts.com\/fr\/industries\/service-providers\" \/>\n<meta property=\"og:site_name\" content=\"SpamExperts\" \/>\n<meta property=\"article:modified_time\" content=\"2025-10-16T19:58:02+00:00\" \/>\n<meta name=\"twitter:card\" content=\"summary_large_image\" \/>\n<script type=\"application\/ld+json\" class=\"yoast-schema-graph\">{\"@context\":\"https:\/\/schema.org\",\"@graph\":[{\"@type\":\"WebPage\",\"@id\":\"https:\/\/www.spamexperts.com\/fr\/industries\/service-providers\",\"url\":\"https:\/\/www.spamexperts.com\/fr\/industries\/service-providers\",\"name\":\"Solutions anti-courrier ind\u00e9sirable pour les h\u00e9bergeurs de sites Web et les fournisseurs de services Internet | SpamExperts\",\"isPartOf\":{\"@id\":\"https:\/\/www.spamexperts.com\/fr#website\"},\"datePublished\":\"2025-04-03T13:00:47+00:00\",\"dateModified\":\"2025-10-16T19:58:02+00:00\",\"description\":\"Prot\u00e9gez votre activit\u00e9 contre le courrier ind\u00e9sirable et les virus gr\u00e2ce au logiciel N-able SpamExperts professionnel de filtrage du courrier ind\u00e9sirable pour les h\u00e9bergeurs de sites Web, les fournisseurs de services Internet et les op\u00e9rateurs de t\u00e9l\u00e9communications.\",\"breadcrumb\":{\"@id\":\"https:\/\/www.spamexperts.com\/fr\/industries\/service-providers#breadcrumb\"},\"inLanguage\":\"fr-FR\",\"potentialAction\":[{\"@type\":\"ReadAction\",\"target\":[\"https:\/\/www.spamexperts.com\/fr\/industries\/service-providers\"]}]},{\"@type\":\"BreadcrumbList\",\"@id\":\"https:\/\/www.spamexperts.com\/fr\/industries\/service-providers#breadcrumb\",\"itemListElement\":[{\"@type\":\"ListItem\",\"position\":1,\"name\":\"Home\",\"item\":\"https:\/\/www.spamexperts.com\/fr\"},{\"@type\":\"ListItem\",\"position\":2,\"name\":\"Industries\",\"item\":\"https:\/\/www.spamexperts.com\/fr\/industries\"},{\"@type\":\"ListItem\",\"position\":3,\"name\":\"Service Providers\"}]},{\"@type\":\"WebSite\",\"@id\":\"https:\/\/www.spamexperts.com\/fr#website\",\"url\":\"https:\/\/www.spamexperts.com\/fr\",\"name\":\"SpamExperts\",\"description\":\"\",\"potentialAction\":[{\"@type\":\"SearchAction\",\"target\":{\"@type\":\"EntryPoint\",\"urlTemplate\":\"https:\/\/www.spamexperts.com\/fr?s={search_term_string}\"},\"query-input\":{\"@type\":\"PropertyValueSpecification\",\"valueRequired\":true,\"valueName\":\"search_term_string\"}}],\"inLanguage\":\"fr-FR\"}]}<\/script>\n<!-- \/ Yoast SEO Premium plugin. -->","yoast_head_json":{"title":"Solutions anti-courrier ind\u00e9sirable pour les h\u00e9bergeurs de sites Web et les fournisseurs de services Internet | SpamExperts","description":"Prot\u00e9gez votre activit\u00e9 contre le courrier ind\u00e9sirable et les virus gr\u00e2ce au logiciel N-able SpamExperts professionnel de filtrage du courrier ind\u00e9sirable pour les h\u00e9bergeurs de sites Web, les fournisseurs de services Internet et les op\u00e9rateurs de t\u00e9l\u00e9communications.","robots":{"index":"index","follow":"follow","max-snippet":"max-snippet:-1","max-image-preview":"max-image-preview:large","max-video-preview":"max-video-preview:-1"},"canonical":"https:\/\/www.spamexperts.com\/fr\/industries\/service-providers","og_locale":"fr_FR","og_type":"article","og_title":"Service Providers","og_description":"Prot\u00e9gez votre activit\u00e9 contre le courrier ind\u00e9sirable et les virus gr\u00e2ce au logiciel N-able SpamExperts professionnel de filtrage du courrier ind\u00e9sirable pour les h\u00e9bergeurs de sites Web, les fournisseurs de services Internet et les op\u00e9rateurs de t\u00e9l\u00e9communications.","og_url":"https:\/\/www.spamexperts.com\/fr\/industries\/service-providers","og_site_name":"SpamExperts","article_modified_time":"2025-10-16T19:58:02+00:00","twitter_card":"summary_large_image","schema":{"@context":"https:\/\/schema.org","@graph":[{"@type":"WebPage","@id":"https:\/\/www.spamexperts.com\/fr\/industries\/service-providers","url":"https:\/\/www.spamexperts.com\/fr\/industries\/service-providers","name":"Solutions anti-courrier ind\u00e9sirable pour les h\u00e9bergeurs de sites Web et les fournisseurs de services Internet | SpamExperts","isPartOf":{"@id":"https:\/\/www.spamexperts.com\/fr#website"},"datePublished":"2025-04-03T13:00:47+00:00","dateModified":"2025-10-16T19:58:02+00:00","description":"Prot\u00e9gez votre activit\u00e9 contre le courrier ind\u00e9sirable et les virus gr\u00e2ce au logiciel N-able SpamExperts professionnel de filtrage du courrier ind\u00e9sirable pour les h\u00e9bergeurs de sites Web, les fournisseurs de services Internet et les op\u00e9rateurs de t\u00e9l\u00e9communications.","breadcrumb":{"@id":"https:\/\/www.spamexperts.com\/fr\/industries\/service-providers#breadcrumb"},"inLanguage":"fr-FR","potentialAction":[{"@type":"ReadAction","target":["https:\/\/www.spamexperts.com\/fr\/industries\/service-providers"]}]},{"@type":"BreadcrumbList","@id":"https:\/\/www.spamexperts.com\/fr\/industries\/service-providers#breadcrumb","itemListElement":[{"@type":"ListItem","position":1,"name":"Home","item":"https:\/\/www.spamexperts.com\/fr"},{"@type":"ListItem","position":2,"name":"Industries","item":"https:\/\/www.spamexperts.com\/fr\/industries"},{"@type":"ListItem","position":3,"name":"Service Providers"}]},{"@type":"WebSite","@id":"https:\/\/www.spamexperts.com\/fr#website","url":"https:\/\/www.spamexperts.com\/fr","name":"SpamExperts","description":"","potentialAction":[{"@type":"SearchAction","target":{"@type":"EntryPoint","urlTemplate":"https:\/\/www.spamexperts.com\/fr?s={search_term_string}"},"query-input":{"@type":"PropertyValueSpecification","valueRequired":true,"valueName":"search_term_string"}}],"inLanguage":"fr-FR"}]}},"_links":{"self":[{"href":"https:\/\/www.spamexperts.com\/fr\/wp-json\/wp\/v2\/pages\/2573","targetHints":{"allow":["GET"]}}],"collection":[{"href":"https:\/\/www.spamexperts.com\/fr\/wp-json\/wp\/v2\/pages"}],"about":[{"href":"https:\/\/www.spamexperts.com\/fr\/wp-json\/wp\/v2\/types\/page"}],"author":[{"embeddable":true,"href":"https:\/\/www.spamexperts.com\/fr\/wp-json\/wp\/v2\/users\/2"}],"replies":[{"embeddable":true,"href":"https:\/\/www.spamexperts.com\/fr\/wp-json\/wp\/v2\/comments?post=2573"}],"version-history":[{"count":4,"href":"https:\/\/www.spamexperts.com\/fr\/wp-json\/wp\/v2\/pages\/2573\/revisions"}],"predecessor-version":[{"id":2947,"href":"https:\/\/www.spamexperts.com\/fr\/wp-json\/wp\/v2\/pages\/2573\/revisions\/2947"}],"up":[{"embeddable":true,"href":"https:\/\/www.spamexperts.com\/fr\/wp-json\/wp\/v2\/pages\/2585"}],"wp:attachment":[{"href":"https:\/\/www.spamexperts.com\/fr\/wp-json\/wp\/v2\/media?parent=2573"}],"curies":[{"name":"wp","href":"https:\/\/api.w.org\/{rel}","templated":true}]}}