{"id":2612,"date":"2025-04-23T16:52:12","date_gmt":"2025-04-23T16:52:12","guid":{"rendered":"https:\/\/spamexperts.com\/deployment"},"modified":"2025-10-16T18:39:55","modified_gmt":"2025-10-16T17:39:55","slug":"deployment","status":"publish","type":"page","link":"https:\/\/www.spamexperts.com\/fr\/resources\/deployment","title":{"rendered":"Deployment"},"content":{"rendered":"","protected":false},"excerpt":{"rendered":"","protected":false},"author":7,"featured_media":0,"parent":2616,"menu_order":0,"comment_status":"closed","ping_status":"closed","template":"","meta":{"_acf_changed":false,"inline_featured_image":false,"footnotes":""},"class_list":["post-2612","page","type-page","status-publish","hentry"],"acf":[],"yoast_head":"<!-- This site is optimized with the Yoast SEO Premium plugin v26.9 (Yoast SEO v27.3) - https:\/\/yoast.com\/product\/yoast-seo-premium-wordpress\/ -->\n<title>SpamExperts Solutions D\u00e9ploiement<\/title>\n<meta name=\"description\" content=\"content=&quot;N-able SpamExperts d\u00e9veloppe des solutions de filtrage, de continuit\u00e9 et d\u2019archivage des e-mails en mode SaaS sur SMTP. Ces solutions sont d\u00e9ploy\u00e9es dans un environnement Cloud h\u00e9berg\u00e9 hautement redondant ou sur le mat\u00e9riel sur site de votre choix.&quot;\" \/>\n<meta name=\"robots\" content=\"index, follow, max-snippet:-1, max-image-preview:large, max-video-preview:-1\" \/>\n<link rel=\"canonical\" href=\"https:\/\/www.spamexperts.com\/fr\/resources\/deployment\" \/>\n<meta property=\"og:locale\" content=\"fr_FR\" \/>\n<meta property=\"og:type\" content=\"article\" \/>\n<meta property=\"og:title\" content=\"Deployment\" \/>\n<meta property=\"og:description\" content=\"content=&quot;N-able SpamExperts d\u00e9veloppe des solutions de filtrage, de continuit\u00e9 et d\u2019archivage des e-mails en mode SaaS sur SMTP. Ces solutions sont d\u00e9ploy\u00e9es dans un environnement Cloud h\u00e9berg\u00e9 hautement redondant ou sur le mat\u00e9riel sur site de votre choix.&quot;\" \/>\n<meta property=\"og:url\" content=\"https:\/\/www.spamexperts.com\/fr\/resources\/deployment\" \/>\n<meta property=\"og:site_name\" content=\"SpamExperts\" \/>\n<meta property=\"article:modified_time\" content=\"2025-10-16T17:39:55+00:00\" \/>\n<meta name=\"twitter:card\" content=\"summary_large_image\" \/>\n<script type=\"application\/ld+json\" class=\"yoast-schema-graph\">{\"@context\":\"https:\\\/\\\/schema.org\",\"@graph\":[{\"@type\":\"WebPage\",\"@id\":\"https:\\\/\\\/www.spamexperts.com\\\/fr\\\/resources\\\/deployment\",\"url\":\"https:\\\/\\\/www.spamexperts.com\\\/fr\\\/resources\\\/deployment\",\"name\":\"SpamExperts Solutions D\u00e9ploiement\",\"isPartOf\":{\"@id\":\"https:\\\/\\\/www.spamexperts.com\\\/fr#website\"},\"datePublished\":\"2025-04-23T16:52:12+00:00\",\"dateModified\":\"2025-10-16T17:39:55+00:00\",\"description\":\"content=\\\"N-able SpamExperts d\u00e9veloppe des solutions de filtrage, de continuit\u00e9 et d\u2019archivage des e-mails en mode SaaS sur SMTP. Ces solutions sont d\u00e9ploy\u00e9es dans un environnement Cloud h\u00e9berg\u00e9 hautement redondant ou sur le mat\u00e9riel sur site de votre choix.\\\"\",\"breadcrumb\":{\"@id\":\"https:\\\/\\\/www.spamexperts.com\\\/fr\\\/resources\\\/deployment#breadcrumb\"},\"inLanguage\":\"fr-FR\",\"potentialAction\":[{\"@type\":\"ReadAction\",\"target\":[\"https:\\\/\\\/www.spamexperts.com\\\/fr\\\/resources\\\/deployment\"]}]},{\"@type\":\"BreadcrumbList\",\"@id\":\"https:\\\/\\\/www.spamexperts.com\\\/fr\\\/resources\\\/deployment#breadcrumb\",\"itemListElement\":[{\"@type\":\"ListItem\",\"position\":1,\"name\":\"Home\",\"item\":\"https:\\\/\\\/www.spamexperts.com\\\/fr\"},{\"@type\":\"ListItem\",\"position\":2,\"name\":\"Resources\",\"item\":\"https:\\\/\\\/www.spamexperts.com\\\/fr\\\/resources\"},{\"@type\":\"ListItem\",\"position\":3,\"name\":\"Deployment\"}]},{\"@type\":\"WebSite\",\"@id\":\"https:\\\/\\\/www.spamexperts.com\\\/fr#website\",\"url\":\"https:\\\/\\\/www.spamexperts.com\\\/fr\",\"name\":\"SpamExperts\",\"description\":\"\",\"potentialAction\":[{\"@type\":\"SearchAction\",\"target\":{\"@type\":\"EntryPoint\",\"urlTemplate\":\"https:\\\/\\\/www.spamexperts.com\\\/fr?s={search_term_string}\"},\"query-input\":{\"@type\":\"PropertyValueSpecification\",\"valueRequired\":true,\"valueName\":\"search_term_string\"}}],\"inLanguage\":\"fr-FR\"}]}<\/script>\n<!-- \/ Yoast SEO Premium plugin. -->","yoast_head_json":{"title":"SpamExperts Solutions D\u00e9ploiement","description":"content=\"N-able SpamExperts d\u00e9veloppe des solutions de filtrage, de continuit\u00e9 et d\u2019archivage des e-mails en mode SaaS sur SMTP. Ces solutions sont d\u00e9ploy\u00e9es dans un environnement Cloud h\u00e9berg\u00e9 hautement redondant ou sur le mat\u00e9riel sur site de votre choix.\"","robots":{"index":"index","follow":"follow","max-snippet":"max-snippet:-1","max-image-preview":"max-image-preview:large","max-video-preview":"max-video-preview:-1"},"canonical":"https:\/\/www.spamexperts.com\/fr\/resources\/deployment","og_locale":"fr_FR","og_type":"article","og_title":"Deployment","og_description":"content=\"N-able SpamExperts d\u00e9veloppe des solutions de filtrage, de continuit\u00e9 et d\u2019archivage des e-mails en mode SaaS sur SMTP. Ces solutions sont d\u00e9ploy\u00e9es dans un environnement Cloud h\u00e9berg\u00e9 hautement redondant ou sur le mat\u00e9riel sur site de votre choix.\"","og_url":"https:\/\/www.spamexperts.com\/fr\/resources\/deployment","og_site_name":"SpamExperts","article_modified_time":"2025-10-16T17:39:55+00:00","twitter_card":"summary_large_image","schema":{"@context":"https:\/\/schema.org","@graph":[{"@type":"WebPage","@id":"https:\/\/www.spamexperts.com\/fr\/resources\/deployment","url":"https:\/\/www.spamexperts.com\/fr\/resources\/deployment","name":"SpamExperts Solutions D\u00e9ploiement","isPartOf":{"@id":"https:\/\/www.spamexperts.com\/fr#website"},"datePublished":"2025-04-23T16:52:12+00:00","dateModified":"2025-10-16T17:39:55+00:00","description":"content=\"N-able SpamExperts d\u00e9veloppe des solutions de filtrage, de continuit\u00e9 et d\u2019archivage des e-mails en mode SaaS sur SMTP. Ces solutions sont d\u00e9ploy\u00e9es dans un environnement Cloud h\u00e9berg\u00e9 hautement redondant ou sur le mat\u00e9riel sur site de votre choix.\"","breadcrumb":{"@id":"https:\/\/www.spamexperts.com\/fr\/resources\/deployment#breadcrumb"},"inLanguage":"fr-FR","potentialAction":[{"@type":"ReadAction","target":["https:\/\/www.spamexperts.com\/fr\/resources\/deployment"]}]},{"@type":"BreadcrumbList","@id":"https:\/\/www.spamexperts.com\/fr\/resources\/deployment#breadcrumb","itemListElement":[{"@type":"ListItem","position":1,"name":"Home","item":"https:\/\/www.spamexperts.com\/fr"},{"@type":"ListItem","position":2,"name":"Resources","item":"https:\/\/www.spamexperts.com\/fr\/resources"},{"@type":"ListItem","position":3,"name":"Deployment"}]},{"@type":"WebSite","@id":"https:\/\/www.spamexperts.com\/fr#website","url":"https:\/\/www.spamexperts.com\/fr","name":"SpamExperts","description":"","potentialAction":[{"@type":"SearchAction","target":{"@type":"EntryPoint","urlTemplate":"https:\/\/www.spamexperts.com\/fr?s={search_term_string}"},"query-input":{"@type":"PropertyValueSpecification","valueRequired":true,"valueName":"search_term_string"}}],"inLanguage":"fr-FR"}]}},"_links":{"self":[{"href":"https:\/\/www.spamexperts.com\/fr\/wp-json\/wp\/v2\/pages\/2612","targetHints":{"allow":["GET"]}}],"collection":[{"href":"https:\/\/www.spamexperts.com\/fr\/wp-json\/wp\/v2\/pages"}],"about":[{"href":"https:\/\/www.spamexperts.com\/fr\/wp-json\/wp\/v2\/types\/page"}],"author":[{"embeddable":true,"href":"https:\/\/www.spamexperts.com\/fr\/wp-json\/wp\/v2\/users\/7"}],"replies":[{"embeddable":true,"href":"https:\/\/www.spamexperts.com\/fr\/wp-json\/wp\/v2\/comments?post=2612"}],"version-history":[{"count":2,"href":"https:\/\/www.spamexperts.com\/fr\/wp-json\/wp\/v2\/pages\/2612\/revisions"}],"predecessor-version":[{"id":2942,"href":"https:\/\/www.spamexperts.com\/fr\/wp-json\/wp\/v2\/pages\/2612\/revisions\/2942"}],"up":[{"embeddable":true,"href":"https:\/\/www.spamexperts.com\/fr\/wp-json\/wp\/v2\/pages\/2616"}],"wp:attachment":[{"href":"https:\/\/www.spamexperts.com\/fr\/wp-json\/wp\/v2\/media?parent=2612"}],"curies":[{"name":"wp","href":"https:\/\/api.w.org\/{rel}","templated":true}]}}