{"id":1033,"date":"2025-04-02T17:04:48","date_gmt":"2025-04-02T17:04:48","guid":{"rendered":"https:\/\/spamexperts.com\/homepage\/"},"modified":"2026-03-26T19:52:46","modified_gmt":"2026-03-26T19:52:46","slug":"email-filtering-and-archiving-solutions-spamexperts","status":"publish","type":"page","link":"https:\/\/www.spamexperts.com\/pt-br","title":{"rendered":"Homepage"},"content":{"rendered":"","protected":false},"excerpt":{"rendered":"","protected":false},"author":2,"featured_media":0,"parent":0,"menu_order":0,"comment_status":"closed","ping_status":"closed","template":"","meta":{"_acf_changed":false,"inline_featured_image":false,"footnotes":""},"class_list":["post-1033","page","type-page","status-publish","hentry"],"acf":[],"yoast_head":"<!-- This site is optimized with the Yoast SEO Premium plugin v26.9 (Yoast SEO v26.9) - https:\/\/yoast.com\/product\/yoast-seo-premium-wordpress\/ -->\n<title>Filtragem de e-mails e arquivamento de solu\u00e7\u00f5es - SpamExperts<\/title>\n<meta name=\"description\" content=\"O N-able SpamExperts oferece filtragem profissional antispam de e-mails para provedores de hospedagem na Web, provedores de servi\u00e7o de Internet e empresas de telecomunica\u00e7\u00f5es.\" \/>\n<meta name=\"robots\" content=\"index, follow, max-snippet:-1, max-image-preview:large, max-video-preview:-1\" \/>\n<link rel=\"canonical\" href=\"https:\/\/www.spamexperts.com\/pt-br\" \/>\n<meta property=\"og:locale\" content=\"pt_BR\" \/>\n<meta property=\"og:type\" content=\"article\" \/>\n<meta property=\"og:title\" content=\"Homepage\" \/>\n<meta property=\"og:description\" content=\"O N-able SpamExperts oferece filtragem profissional antispam de e-mails para provedores de hospedagem na Web, provedores de servi\u00e7o de Internet e empresas de telecomunica\u00e7\u00f5es.\" \/>\n<meta property=\"og:url\" content=\"https:\/\/www.spamexperts.com\/pt-br\" \/>\n<meta property=\"og:site_name\" content=\"SpamExperts\" \/>\n<meta property=\"article:modified_time\" content=\"2026-03-26T19:52:46+00:00\" \/>\n<meta name=\"twitter:card\" content=\"summary_large_image\" \/>\n<script type=\"application\/ld+json\" class=\"yoast-schema-graph\">{\"@context\":\"https:\/\/schema.org\",\"@graph\":[{\"@type\":\"WebPage\",\"@id\":\"https:\/\/www.spamexperts.com\/pt-br\",\"url\":\"https:\/\/www.spamexperts.com\/pt-br\",\"name\":\"Filtragem de e-mails e arquivamento de solu\u00e7\u00f5es - SpamExperts\",\"isPartOf\":{\"@id\":\"https:\/\/www.spamexperts.com\/pt-br#website\"},\"datePublished\":\"2025-04-02T17:04:48+00:00\",\"dateModified\":\"2026-03-26T19:52:46+00:00\",\"description\":\"O N-able SpamExperts oferece filtragem profissional antispam de e-mails para provedores de hospedagem na Web, provedores de servi\u00e7o de Internet e empresas de telecomunica\u00e7\u00f5es.\",\"breadcrumb\":{\"@id\":\"https:\/\/www.spamexperts.com\/pt-br#breadcrumb\"},\"inLanguage\":\"pt-BR\",\"potentialAction\":[{\"@type\":\"ReadAction\",\"target\":[\"https:\/\/www.spamexperts.com\/pt-br\"]}]},{\"@type\":\"BreadcrumbList\",\"@id\":\"https:\/\/www.spamexperts.com\/pt-br#breadcrumb\",\"itemListElement\":[{\"@type\":\"ListItem\",\"position\":1,\"name\":\"Home\",\"item\":\"https:\/\/www.spamexperts.com\/pt-br\"},{\"@type\":\"ListItem\",\"position\":2,\"name\":\"Homepage\"}]},{\"@type\":\"WebSite\",\"@id\":\"https:\/\/www.spamexperts.com\/pt-br#website\",\"url\":\"https:\/\/www.spamexperts.com\/pt-br\",\"name\":\"SpamExperts\",\"description\":\"\",\"potentialAction\":[{\"@type\":\"SearchAction\",\"target\":{\"@type\":\"EntryPoint\",\"urlTemplate\":\"https:\/\/www.spamexperts.com\/pt-br?s={search_term_string}\"},\"query-input\":{\"@type\":\"PropertyValueSpecification\",\"valueRequired\":true,\"valueName\":\"search_term_string\"}}],\"inLanguage\":\"pt-BR\"}]}<\/script>\n<!-- \/ Yoast SEO Premium plugin. -->","yoast_head_json":{"title":"Filtragem de e-mails e arquivamento de solu\u00e7\u00f5es - SpamExperts","description":"O N-able SpamExperts oferece filtragem profissional antispam de e-mails para provedores de hospedagem na Web, provedores de servi\u00e7o de Internet e empresas de telecomunica\u00e7\u00f5es.","robots":{"index":"index","follow":"follow","max-snippet":"max-snippet:-1","max-image-preview":"max-image-preview:large","max-video-preview":"max-video-preview:-1"},"canonical":"https:\/\/www.spamexperts.com\/pt-br","og_locale":"pt_BR","og_type":"article","og_title":"Homepage","og_description":"O N-able SpamExperts oferece filtragem profissional antispam de e-mails para provedores de hospedagem na Web, provedores de servi\u00e7o de Internet e empresas de telecomunica\u00e7\u00f5es.","og_url":"https:\/\/www.spamexperts.com\/pt-br","og_site_name":"SpamExperts","article_modified_time":"2026-03-26T19:52:46+00:00","twitter_card":"summary_large_image","schema":{"@context":"https:\/\/schema.org","@graph":[{"@type":"WebPage","@id":"https:\/\/www.spamexperts.com\/pt-br","url":"https:\/\/www.spamexperts.com\/pt-br","name":"Filtragem de e-mails e arquivamento de solu\u00e7\u00f5es - SpamExperts","isPartOf":{"@id":"https:\/\/www.spamexperts.com\/pt-br#website"},"datePublished":"2025-04-02T17:04:48+00:00","dateModified":"2026-03-26T19:52:46+00:00","description":"O N-able SpamExperts oferece filtragem profissional antispam de e-mails para provedores de hospedagem na Web, provedores de servi\u00e7o de Internet e empresas de telecomunica\u00e7\u00f5es.","breadcrumb":{"@id":"https:\/\/www.spamexperts.com\/pt-br#breadcrumb"},"inLanguage":"pt-BR","potentialAction":[{"@type":"ReadAction","target":["https:\/\/www.spamexperts.com\/pt-br"]}]},{"@type":"BreadcrumbList","@id":"https:\/\/www.spamexperts.com\/pt-br#breadcrumb","itemListElement":[{"@type":"ListItem","position":1,"name":"Home","item":"https:\/\/www.spamexperts.com\/pt-br"},{"@type":"ListItem","position":2,"name":"Homepage"}]},{"@type":"WebSite","@id":"https:\/\/www.spamexperts.com\/pt-br#website","url":"https:\/\/www.spamexperts.com\/pt-br","name":"SpamExperts","description":"","potentialAction":[{"@type":"SearchAction","target":{"@type":"EntryPoint","urlTemplate":"https:\/\/www.spamexperts.com\/pt-br?s={search_term_string}"},"query-input":{"@type":"PropertyValueSpecification","valueRequired":true,"valueName":"search_term_string"}}],"inLanguage":"pt-BR"}]}},"_links":{"self":[{"href":"https:\/\/www.spamexperts.com\/pt-br\/wp-json\/wp\/v2\/pages\/1033","targetHints":{"allow":["GET"]}}],"collection":[{"href":"https:\/\/www.spamexperts.com\/pt-br\/wp-json\/wp\/v2\/pages"}],"about":[{"href":"https:\/\/www.spamexperts.com\/pt-br\/wp-json\/wp\/v2\/types\/page"}],"author":[{"embeddable":true,"href":"https:\/\/www.spamexperts.com\/pt-br\/wp-json\/wp\/v2\/users\/2"}],"replies":[{"embeddable":true,"href":"https:\/\/www.spamexperts.com\/pt-br\/wp-json\/wp\/v2\/comments?post=1033"}],"version-history":[{"count":30,"href":"https:\/\/www.spamexperts.com\/pt-br\/wp-json\/wp\/v2\/pages\/1033\/revisions"}],"predecessor-version":[{"id":3041,"href":"https:\/\/www.spamexperts.com\/pt-br\/wp-json\/wp\/v2\/pages\/1033\/revisions\/3041"}],"wp:attachment":[{"href":"https:\/\/www.spamexperts.com\/pt-br\/wp-json\/wp\/v2\/media?parent=1033"}],"curies":[{"name":"wp","href":"https:\/\/api.w.org\/{rel}","templated":true}]}}