{"id":2544,"date":"2025-04-23T16:52:12","date_gmt":"2025-04-23T16:52:12","guid":{"rendered":"https:\/\/spamexperts.com\/deployment"},"modified":"2025-10-16T19:04:37","modified_gmt":"2025-10-16T18:04:37","slug":"deployment","status":"publish","type":"page","link":"https:\/\/www.spamexperts.com\/pt-br\/resources\/deployment","title":{"rendered":"Deployment"},"content":{"rendered":"","protected":false},"excerpt":{"rendered":"","protected":false},"author":7,"featured_media":0,"parent":2618,"menu_order":0,"comment_status":"closed","ping_status":"closed","template":"","meta":{"_acf_changed":false,"inline_featured_image":false,"footnotes":""},"class_list":["post-2544","page","type-page","status-publish","hentry"],"acf":[],"yoast_head":"<!-- This site is optimized with the Yoast SEO Premium plugin v26.9 (Yoast SEO v26.9) - https:\/\/yoast.com\/product\/yoast-seo-premium-wordpress\/ -->\n<title>SpamExperts Implanta\u00e7\u00e3o<\/title>\n<meta name=\"description\" content=\"A N-able SpamExperts desenvolve filtragem de e-mail SaaS baseada em SMTP, solu\u00e7\u00f5es de continuidade e de arquivamento de e-mail implantadas em um ambiente de nuvem hospedada redundante ou localmente no hardware de sua prefer\u00eancia.\" \/>\n<meta name=\"robots\" content=\"index, follow, max-snippet:-1, max-image-preview:large, max-video-preview:-1\" \/>\n<link rel=\"canonical\" href=\"https:\/\/www.spamexperts.com\/pt-br\/resources\/deployment\" \/>\n<meta property=\"og:locale\" content=\"pt_BR\" \/>\n<meta property=\"og:type\" content=\"article\" \/>\n<meta property=\"og:title\" content=\"Deployment\" \/>\n<meta property=\"og:description\" content=\"A N-able SpamExperts desenvolve filtragem de e-mail SaaS baseada em SMTP, solu\u00e7\u00f5es de continuidade e de arquivamento de e-mail implantadas em um ambiente de nuvem hospedada redundante ou localmente no hardware de sua prefer\u00eancia.\" \/>\n<meta property=\"og:url\" content=\"https:\/\/www.spamexperts.com\/pt-br\/resources\/deployment\" \/>\n<meta property=\"og:site_name\" content=\"SpamExperts\" \/>\n<meta property=\"article:modified_time\" content=\"2025-10-16T18:04:37+00:00\" \/>\n<meta name=\"twitter:card\" content=\"summary_large_image\" \/>\n<script type=\"application\/ld+json\" class=\"yoast-schema-graph\">{\"@context\":\"https:\/\/schema.org\",\"@graph\":[{\"@type\":\"WebPage\",\"@id\":\"https:\/\/www.spamexperts.com\/pt-br\/resources\/deployment\",\"url\":\"https:\/\/www.spamexperts.com\/pt-br\/resources\/deployment\",\"name\":\"SpamExperts Implanta\u00e7\u00e3o\",\"isPartOf\":{\"@id\":\"https:\/\/www.spamexperts.com\/pt-br#website\"},\"datePublished\":\"2025-04-23T16:52:12+00:00\",\"dateModified\":\"2025-10-16T18:04:37+00:00\",\"description\":\"A N-able SpamExperts desenvolve filtragem de e-mail SaaS baseada em SMTP, solu\u00e7\u00f5es de continuidade e de arquivamento de e-mail implantadas em um ambiente de nuvem hospedada redundante ou localmente no hardware de sua prefer\u00eancia.\",\"breadcrumb\":{\"@id\":\"https:\/\/www.spamexperts.com\/pt-br\/resources\/deployment#breadcrumb\"},\"inLanguage\":\"pt-BR\",\"potentialAction\":[{\"@type\":\"ReadAction\",\"target\":[\"https:\/\/www.spamexperts.com\/pt-br\/resources\/deployment\"]}]},{\"@type\":\"BreadcrumbList\",\"@id\":\"https:\/\/www.spamexperts.com\/pt-br\/resources\/deployment#breadcrumb\",\"itemListElement\":[{\"@type\":\"ListItem\",\"position\":1,\"name\":\"Home\",\"item\":\"https:\/\/www.spamexperts.com\/pt-br\"},{\"@type\":\"ListItem\",\"position\":2,\"name\":\"Resources\",\"item\":\"https:\/\/www.spamexperts.com\/pt-br\/resources\"},{\"@type\":\"ListItem\",\"position\":3,\"name\":\"Deployment\"}]},{\"@type\":\"WebSite\",\"@id\":\"https:\/\/www.spamexperts.com\/pt-br#website\",\"url\":\"https:\/\/www.spamexperts.com\/pt-br\",\"name\":\"SpamExperts\",\"description\":\"\",\"potentialAction\":[{\"@type\":\"SearchAction\",\"target\":{\"@type\":\"EntryPoint\",\"urlTemplate\":\"https:\/\/www.spamexperts.com\/pt-br?s={search_term_string}\"},\"query-input\":{\"@type\":\"PropertyValueSpecification\",\"valueRequired\":true,\"valueName\":\"search_term_string\"}}],\"inLanguage\":\"pt-BR\"}]}<\/script>\n<!-- \/ Yoast SEO Premium plugin. -->","yoast_head_json":{"title":"SpamExperts Implanta\u00e7\u00e3o","description":"A N-able SpamExperts desenvolve filtragem de e-mail SaaS baseada em SMTP, solu\u00e7\u00f5es de continuidade e de arquivamento de e-mail implantadas em um ambiente de nuvem hospedada redundante ou localmente no hardware de sua prefer\u00eancia.","robots":{"index":"index","follow":"follow","max-snippet":"max-snippet:-1","max-image-preview":"max-image-preview:large","max-video-preview":"max-video-preview:-1"},"canonical":"https:\/\/www.spamexperts.com\/pt-br\/resources\/deployment","og_locale":"pt_BR","og_type":"article","og_title":"Deployment","og_description":"A N-able SpamExperts desenvolve filtragem de e-mail SaaS baseada em SMTP, solu\u00e7\u00f5es de continuidade e de arquivamento de e-mail implantadas em um ambiente de nuvem hospedada redundante ou localmente no hardware de sua prefer\u00eancia.","og_url":"https:\/\/www.spamexperts.com\/pt-br\/resources\/deployment","og_site_name":"SpamExperts","article_modified_time":"2025-10-16T18:04:37+00:00","twitter_card":"summary_large_image","schema":{"@context":"https:\/\/schema.org","@graph":[{"@type":"WebPage","@id":"https:\/\/www.spamexperts.com\/pt-br\/resources\/deployment","url":"https:\/\/www.spamexperts.com\/pt-br\/resources\/deployment","name":"SpamExperts Implanta\u00e7\u00e3o","isPartOf":{"@id":"https:\/\/www.spamexperts.com\/pt-br#website"},"datePublished":"2025-04-23T16:52:12+00:00","dateModified":"2025-10-16T18:04:37+00:00","description":"A N-able SpamExperts desenvolve filtragem de e-mail SaaS baseada em SMTP, solu\u00e7\u00f5es de continuidade e de arquivamento de e-mail implantadas em um ambiente de nuvem hospedada redundante ou localmente no hardware de sua prefer\u00eancia.","breadcrumb":{"@id":"https:\/\/www.spamexperts.com\/pt-br\/resources\/deployment#breadcrumb"},"inLanguage":"pt-BR","potentialAction":[{"@type":"ReadAction","target":["https:\/\/www.spamexperts.com\/pt-br\/resources\/deployment"]}]},{"@type":"BreadcrumbList","@id":"https:\/\/www.spamexperts.com\/pt-br\/resources\/deployment#breadcrumb","itemListElement":[{"@type":"ListItem","position":1,"name":"Home","item":"https:\/\/www.spamexperts.com\/pt-br"},{"@type":"ListItem","position":2,"name":"Resources","item":"https:\/\/www.spamexperts.com\/pt-br\/resources"},{"@type":"ListItem","position":3,"name":"Deployment"}]},{"@type":"WebSite","@id":"https:\/\/www.spamexperts.com\/pt-br#website","url":"https:\/\/www.spamexperts.com\/pt-br","name":"SpamExperts","description":"","potentialAction":[{"@type":"SearchAction","target":{"@type":"EntryPoint","urlTemplate":"https:\/\/www.spamexperts.com\/pt-br?s={search_term_string}"},"query-input":{"@type":"PropertyValueSpecification","valueRequired":true,"valueName":"search_term_string"}}],"inLanguage":"pt-BR"}]}},"_links":{"self":[{"href":"https:\/\/www.spamexperts.com\/pt-br\/wp-json\/wp\/v2\/pages\/2544","targetHints":{"allow":["GET"]}}],"collection":[{"href":"https:\/\/www.spamexperts.com\/pt-br\/wp-json\/wp\/v2\/pages"}],"about":[{"href":"https:\/\/www.spamexperts.com\/pt-br\/wp-json\/wp\/v2\/types\/page"}],"author":[{"embeddable":true,"href":"https:\/\/www.spamexperts.com\/pt-br\/wp-json\/wp\/v2\/users\/7"}],"replies":[{"embeddable":true,"href":"https:\/\/www.spamexperts.com\/pt-br\/wp-json\/wp\/v2\/comments?post=2544"}],"version-history":[{"count":3,"href":"https:\/\/www.spamexperts.com\/pt-br\/wp-json\/wp\/v2\/pages\/2544\/revisions"}],"predecessor-version":[{"id":2945,"href":"https:\/\/www.spamexperts.com\/pt-br\/wp-json\/wp\/v2\/pages\/2544\/revisions\/2945"}],"up":[{"embeddable":true,"href":"https:\/\/www.spamexperts.com\/pt-br\/wp-json\/wp\/v2\/pages\/2618"}],"wp:attachment":[{"href":"https:\/\/www.spamexperts.com\/pt-br\/wp-json\/wp\/v2\/media?parent=2544"}],"curies":[{"name":"wp","href":"https:\/\/api.w.org\/{rel}","templated":true}]}}